{"id":51,"date":"2014-11-19T04:28:54","date_gmt":"2014-11-19T03:28:54","guid":{"rendered":"http:\/\/www.fd.cvut.cz\/projects\/k617x1ol\/?page_id=51"},"modified":"2022-10-26T00:05:19","modified_gmt":"2022-10-25T22:05:19","slug":"seznam-absolventu","status":"publish","type":"page","link":"https:\/\/projects.fd.cvut.cz\/k617x1ol\/seznam-absolventu\/","title":{"rendered":"Seznam absolvent\u016f"},"content":{"rendered":"<ol>\n<li>Rybi\u010dkov\u00e1 Alena \u2013 BP, DP<\/li>\n<li>Kar\u00e1skov\u00e1 Ad\u00e9la \u2013 BP, DP<\/li>\n<li>Br\u016fha Jakub \u2013 BP, DP<\/li>\n<li>Medek Karel &#8211; BP<\/li>\n<li>J\u00edchov\u00e1 Anna \u2013 BP, DP<\/li>\n<li>K\u016fs Karel &#8211; BP<\/li>\n<li>Jan\u010dovi\u010d Tom\u00e1\u0161 &#8211; DP<\/li>\n<li>Kr\u00e1lov\u00e1 Lucie &#8211; DP<\/li>\n<li>Brodsk\u00fd Jakub &#8211; DP<\/li>\n<li>Prihara Roman &#8211; DP<\/li>\n<li>B\u011blou\u0161ek Martin \u2013 DP<\/li>\n<li>Jindrov\u00e1 V\u011bra \u2013 DP<\/li>\n<li>Koukal Petr \u2013 BP, DP<\/li>\n<li>Vl\u010dek Bohumil \u2013 BP, DP<\/li>\n<li>Pochop Stanislav \u2013 BP, DP<\/li>\n<li>Viktorov\u00e1 Jana \u2013 BP<\/li>\n<li>Lipensk\u00fd Robin &#8211; BP<\/li>\n<li>Vondra Leo\u0161 &#8211; DP<\/li>\n<li>Jirsa Jakub \u2013 DP<\/li>\n<li>\u0160l\u00e9gl Jan \u2013 DP<\/li>\n<li>\u0160imon Jan &#8211; DP<\/li>\n<li>Janda Martin \u2013 DP<\/li>\n<li>Langpaul Jan \u2013 DP<\/li>\n<li>Halounov\u00e1 Lenka \u2013 utajen\u00e1 DP<\/li>\n<li>Budilov\u00e1 Lenka \u2013 BP<\/li>\n<li>Glaserov\u00e1 Eli\u0161ka \u2013 BP<\/li>\n<li>Nov\u00e1k Ale\u0161 \u2013 BP, DP<\/li>\n<li>Sta\u0148kov\u00e1 Petra \u2013 BP, DP<\/li>\n<li>Kozlovska Olha \u2013 BP, DP<\/li>\n<li>Aushev Murad \u2013 DP<\/li>\n<li>Pe\u0159ina Marek \u2013 DP<\/li>\n<li>Vakhrusheva Kseniia \u2013 DP<\/li>\n<li>Volt Ji\u0159\u00ed \u2013 BP<\/li>\n<li>Belinov Roman \u2013 BP<\/li>\n<li>Tarabec Jan \u2013 BP<\/li>\n<li>Pouznarov\u00e1 Ad\u00e9la \u2013 BP<\/li>\n<li>Fedorova Anna \u2013 BP<\/li>\n<li>Zderadi\u010dkov\u00e1 Iva \u2013 DP<\/li>\n<li>Zlatieva Anastasiia \u2013 DP<\/li>\n<li>Husnaj Jan \u2013 BP, DP<\/li>\n<li>Metelkov\u00e1 Roz\u00e1lie \u2013 BP<\/li>\n<li>Chroust Hynek \u2013 DP<\/li>\n<\/ol>\n","protected":false},"excerpt":{"rendered":"<p>Rybi\u010dkov\u00e1 Alena \u2013 BP, DP Kar\u00e1skov\u00e1 Ad\u00e9la \u2013 BP, DP Br\u016fha Jakub \u2013 BP, DP Medek Karel &#8211; BP J\u00edchov\u00e1 Anna \u2013 BP, DP K\u016fs Karel &#8211; BP Jan\u010dovi\u010d Tom\u00e1\u0161 &#8211; DP Kr\u00e1lov\u00e1 Lucie &#8211; DP Brodsk\u00fd Jakub &#8211; DP Prihara Roman &#8211; DP B\u011blou\u0161ek Martin \u2013 DP Jindrov\u00e1 V\u011bra \u2013 DP Koukal Petr \u2013 &hellip; <a href=\"https:\/\/projects.fd.cvut.cz\/k617x1ol\/seznam-absolventu\/\" class=\"more-link\">Pokra\u010dov\u00e1n\u00ed textu <span class=\"screen-reader-text\">Seznam absolvent\u016f<\/span> <span class=\"meta-nav\">&rarr;<\/span><\/a><\/p>\n","protected":false},"author":1,"featured_media":0,"parent":0,"menu_order":0,"comment_status":"closed","ping_status":"closed","template":"","meta":[],"_links":{"self":[{"href":"https:\/\/projects.fd.cvut.cz\/k617x1ol\/wp-json\/wp\/v2\/pages\/51"}],"collection":[{"href":"https:\/\/projects.fd.cvut.cz\/k617x1ol\/wp-json\/wp\/v2\/pages"}],"about":[{"href":"https:\/\/projects.fd.cvut.cz\/k617x1ol\/wp-json\/wp\/v2\/types\/page"}],"author":[{"embeddable":true,"href":"https:\/\/projects.fd.cvut.cz\/k617x1ol\/wp-json\/wp\/v2\/users\/1"}],"replies":[{"embeddable":true,"href":"https:\/\/projects.fd.cvut.cz\/k617x1ol\/wp-json\/wp\/v2\/comments?post=51"}],"version-history":[{"count":5,"href":"https:\/\/projects.fd.cvut.cz\/k617x1ol\/wp-json\/wp\/v2\/pages\/51\/revisions"}],"predecessor-version":[{"id":146,"href":"https:\/\/projects.fd.cvut.cz\/k617x1ol\/wp-json\/wp\/v2\/pages\/51\/revisions\/146"}],"wp:attachment":[{"href":"https:\/\/projects.fd.cvut.cz\/k617x1ol\/wp-json\/wp\/v2\/media?parent=51"}],"curies":[{"name":"wp","href":"https:\/\/api.w.org\/{rel}","templated":true}]}}